{"id":9,"date":"2019-07-15T14:39:41","date_gmt":"2019-07-15T14:39:41","guid":{"rendered":"https:\/\/v2.adscs.pt\/?page_id=9"},"modified":"2024-09-06T07:47:41","modified_gmt":"2024-09-06T07:47:41","slug":"contactos","status":"publish","type":"page","link":"https:\/\/adscs.pt\/en\/contactos\/","title":{"rendered":"Contacts"},"content":{"rendered":"<p><strong>Associa\u00e7\u00e3o para o Desenvolvimento Social e Comunit\u00e1rio de Santar\u00e9m<\/strong><\/p>\nPraceta Jos\u00e9 Pereira Rodrigues, n\u00ba8 &#8211; Loja<br \/>\n2005-166 Santar\u00e9m\n\ud835\udde6\ud835\uddf2\ud835\uddf1\ud835\uddf2 (Santar\u00e9m) \ud83d\udcde 91 99 90 170<br \/>\n\ud835\uddd6\ud835\uddff\ud835\uddf2\ud835\uddf0\ud835\uddf5\ud835\uddf2 \ud835\uddd4\ud835\uddfb\ud835\uddf1<strong>\u00f3<\/strong>-\ud835\udddf\ud835\uddf6\ud835\ude01<strong>\u00e1<\/strong> (Tremez) \ud83d\udcde 91 86 87 909<br \/>\n\ud835\uddd6\ud835\uddff\ud835\uddf2\ud835\uddf0\ud835\uddf5\ud835\uddf2 \ud835\udde3\ud835\uddf6\ud835\uddfa-\ud835\udde3\ud835\uddee\ud835\uddfa-\ud835\udde3\ud835\ude02\ud835\uddfa (Verdelho) \ud83d\udcde 91 75 75 740<br \/>\n\ud835\uddd6\ud835\uddff\ud835\uddf2\ud835\uddf0\ud835\uddf5\ud835\uddf2 \ud835\uddd9\ud835\uddee\ud835\uddfa\ud835\uddf6\ud835\uddf9\ud835\uddf6\ud835\uddee\ud835\uddff \ud835\udfed,\ud835\udfee,\ud835\udfef \ud83d\udcde 91 006 79 84<br \/>\n\ud835\udde5\ud835\udde6\ud835\udddc (Santar\u00e9m) \ud83d\udcde 91 900 55 24<br \/>\n\ud835\udde3\ud835\uddf2\ud835\ude00\ud835\ude00\ud835\uddfc\ud835\uddee\ud835\ude00 \ud835\udfee\ud835\udfec\ud835\udfef\ud835\udfec (Santar\u00e9m) \ud83d\udcde 91 30 58 126\n<p><a href=\"http:\/\/www.facebook.com\/adscs.pt\" target=\"_blank\" rel=\"noreferrer noopener\">www.facebook.com\/adscs.pt<\/a> \u00a0 \u00a0 E-mail: <a href=\"mailto:adscs@adscs.pt\" target=\"_blank\" rel=\"noreferrer noopener\">adscs@adscs.pt<\/a><\/p>\n<p>NIPC: 502 489 219<\/p>\n<p>IBAN: PT50 003600449910011614246<\/p>\n<p>&nbsp;<\/p>\n<p><iframe src=\"https:\/\/www.google.com\/maps\/embed?pb=!1m18!1m12!1m3!1d3090.4082174006803!2d-8.68679228431844!3d39.23360403466042!2m3!1f0!2f0!3f0!3m2!1i1024!2i768!4f13.1!3m3!1m2!1s0xd18ee72ea73b06b%3A0x473d43253fad7216!2sADSCS%20-%20Associa%C3%A7%C3%A3o%20para%20o%20Desenvolvimento%20Social%20e%20Comunit%C3%A1rio%20de%20Santar%C3%A9m!5e0!3m2!1spt-PT!2spt!4v1617876417946!5m2!1spt-PT!2spt\" width=\"600\" height=\"450\" allowfullscreen=\"allowfullscreen\"><\/iframe><\/p>","protected":false},"excerpt":{"rendered":"<div class=\"entry-summary\">\n<div class=\"entry-summary\">\nAssocia\u00e7\u00e3o para o Desenvolvimento Social e Comunit\u00e1rio de Santar\u00e9m Praceta Jos\u00e9 Pereira Rodrigues, n\u00ba8 &#8211; Loja 2005-166 Santar\u00e9m \ud835\udde6\ud835\uddf2\ud835\uddf1\ud835\uddf2 (Santar\u00e9m) \ud83d\udcde 91 99 90 170 \ud835\uddd6\ud835\uddff\ud835\uddf2\ud835\uddf0\ud835\uddf5\ud835\uddf2 \ud835\uddd4\ud835\uddfb\ud835\uddf1\u00f3-\ud835\udddf\ud835\uddf6\ud835\ude01\u00e1 (Tremez) \ud83d\udcde 91 86 87 909 \ud835\uddd6\ud835\uddff\ud835\uddf2\ud835\uddf0\ud835\uddf5\ud835\uddf2 \ud835\udde3\ud835\uddf6\ud835\uddfa-\ud835\udde3\ud835\uddee\ud835\uddfa-\ud835\udde3\ud835\ude02\ud835\uddfa (Verdelho) \ud83d\udcde 91 75 75&hellip;\n<\/div>\n<div class=\"link-more\"><a href=\"https:\/\/adscs.pt\/en\/contactos\/\" class=\"more-link\">Continue reading<span class=\"screen-reader-text\"> &ldquo;Contactos&rdquo;<\/span>&hellip;<\/a><\/div>\n<\/div>\n<div class=\"link-more\"><a href=\"https:\/\/adscs.pt\/en\/contactos\/\" class=\"more-link\">Continue reading<span class=\"screen-reader-text\"> &ldquo;Contactos&rdquo;<\/span>&hellip;<\/a><\/div>","protected":false},"author":1,"featured_media":0,"parent":0,"menu_order":0,"comment_status":"closed","ping_status":"closed","template":"","meta":{"_acf_changed":false,"footnotes":""},"class_list":["post-9","page","type-page","status-publish","hentry","entry"],"acf":[],"_links":{"self":[{"href":"https:\/\/adscs.pt\/en\/wp-json\/wp\/v2\/pages\/9","targetHints":{"allow":["GET"]}}],"collection":[{"href":"https:\/\/adscs.pt\/en\/wp-json\/wp\/v2\/pages"}],"about":[{"href":"https:\/\/adscs.pt\/en\/wp-json\/wp\/v2\/types\/page"}],"author":[{"embeddable":true,"href":"https:\/\/adscs.pt\/en\/wp-json\/wp\/v2\/users\/1"}],"replies":[{"embeddable":true,"href":"https:\/\/adscs.pt\/en\/wp-json\/wp\/v2\/comments?post=9"}],"version-history":[{"count":19,"href":"https:\/\/adscs.pt\/en\/wp-json\/wp\/v2\/pages\/9\/revisions"}],"predecessor-version":[{"id":3218,"href":"https:\/\/adscs.pt\/en\/wp-json\/wp\/v2\/pages\/9\/revisions\/3218"}],"wp:attachment":[{"href":"https:\/\/adscs.pt\/en\/wp-json\/wp\/v2\/media?parent=9"}],"curies":[{"name":"wp","href":"https:\/\/api.w.org\/{rel}","templated":true}]}}