{"id":41,"date":"2019-07-15T15:04:57","date_gmt":"2019-07-15T15:04:57","guid":{"rendered":"https:\/\/v2.adscs.pt\/?page_id=41"},"modified":"2019-07-18T13:34:16","modified_gmt":"2019-07-18T13:34:16","slug":"contas","status":"publish","type":"page","link":"https:\/\/adscs.pt\/en\/documentos\/contas\/","title":{"rendered":"Account Reports"},"content":{"rendered":"<div> <h2 style=\"text-align: center;\"><br \/><\/h2> \n \n  <p align=\"middle\"><a href=\"adscs_contas_prov_2018.pdf\">Relat\u00f3rio de Contas Provis\u00f3rio 2018<\/a><\/p> \n  <p align=\"middle\"><a href=\"adscs_contas2017.zip\">Relat\u00f3rio de Contas 2017<\/a><\/p> \n \n<\/div>","protected":false},"excerpt":{"rendered":"<div class=\"entry-summary\">\n<div class=\"entry-summary\">\nRelat\u00f3rio de Contas Provis\u00f3rio 2018 Relat\u00f3rio de Contas 2017\n<\/div>\n<div class=\"link-more\"><a href=\"https:\/\/adscs.pt\/en\/documentos\/contas\/\" class=\"more-link\">Continue reading<span class=\"screen-reader-text\"> &ldquo;Relat\u00f3rio de Contas&rdquo;<\/span>&hellip;<\/a><\/div>\n<\/div>\n<div class=\"link-more\"><a href=\"https:\/\/adscs.pt\/en\/documentos\/contas\/\" class=\"more-link\">Continue reading<span class=\"screen-reader-text\"> &ldquo;Relat\u00f3rio de Contas&rdquo;<\/span>&hellip;<\/a><\/div>","protected":false},"author":1,"featured_media":0,"parent":10,"menu_order":0,"comment_status":"closed","ping_status":"closed","template":"","meta":{"_acf_changed":false,"footnotes":""},"class_list":["post-41","page","type-page","status-publish","hentry","entry"],"acf":[],"_links":{"self":[{"href":"https:\/\/adscs.pt\/en\/wp-json\/wp\/v2\/pages\/41","targetHints":{"allow":["GET"]}}],"collection":[{"href":"https:\/\/adscs.pt\/en\/wp-json\/wp\/v2\/pages"}],"about":[{"href":"https:\/\/adscs.pt\/en\/wp-json\/wp\/v2\/types\/page"}],"author":[{"embeddable":true,"href":"https:\/\/adscs.pt\/en\/wp-json\/wp\/v2\/users\/1"}],"replies":[{"embeddable":true,"href":"https:\/\/adscs.pt\/en\/wp-json\/wp\/v2\/comments?post=41"}],"version-history":[{"count":3,"href":"https:\/\/adscs.pt\/en\/wp-json\/wp\/v2\/pages\/41\/revisions"}],"predecessor-version":[{"id":574,"href":"https:\/\/adscs.pt\/en\/wp-json\/wp\/v2\/pages\/41\/revisions\/574"}],"up":[{"embeddable":true,"href":"https:\/\/adscs.pt\/en\/wp-json\/wp\/v2\/pages\/10"}],"wp:attachment":[{"href":"https:\/\/adscs.pt\/en\/wp-json\/wp\/v2\/media?parent=41"}],"curies":[{"name":"wp","href":"https:\/\/api.w.org\/{rel}","templated":true}]}}