{"id":2,"date":"2019-07-15T14:11:48","date_gmt":"2019-07-15T14:11:48","guid":{"rendered":"https:\/\/v2.adscs.pt\/?page_id=2"},"modified":"2023-10-16T07:56:15","modified_gmt":"2023-10-16T07:56:15","slug":"inicio","status":"publish","type":"page","link":"https:\/\/adscs.pt\/en\/","title":{"rendered":"SEJA BEM VINDO\/A"},"content":{"rendered":"<p style=\"text-align: center;\">\u00a0<\/p>\n<p>Fundada em 1990, a Associa\u00e7\u00e3o para o Desenvolvimento Social e Comunit\u00e1rio (ADSCS) tem como miss\u00e3o promover e encorajar o desenvolvimento local atrav\u00e9s do trabalho com as popula\u00e7\u00f5es socialmente desfavorecidas, apoiando-as na sua vida ativa e social, proporcionando-lhes uma melhor qualidade de vida.<\/p>\n\n\n<div class=\"alignnormal\"><div id=\"metaslider-id-427\" style=\"width: 100%;\" class=\"ml-slider-3-97-0 metaslider metaslider-flex metaslider-427 ml-slider ms-theme-default\" role=\"region\" aria-roledescription=\"Slideshow\" aria-label=\"New Slideshow\" data-width=\"1920\">\n    <div id=\"metaslider_container_427\">\n        <div id=\"metaslider_427\">\n            <ul class='slides'>\n                <li style=\"display: block; width: 100%;\" class=\"slide-429 ms-image\" aria-roledescription=\"slide\" aria-label=\"slide-429\" data-date=\"2021-04-23 11:16:14\"><a href=\"https:\/\/adscs.pt\/en\/\" target=\"_blank\" class=\"metaslider_image_link\"><img fetchpriority=\"high\" decoding=\"async\" src=\"https:\/\/adscs.pt\/wp-content\/uploads\/2025\/03\/back2-1920x750.png\" height=\"750\" width=\"1920\" alt=\"\" class=\"slider-427 slide-429\" \/><\/a><\/li>\n                <li style=\"display: none; width: 100%;\" class=\"slide-976 ms-image\" aria-roledescription=\"slide\" aria-label=\"slide-976\" data-date=\"2022-04-13 13:33:59\"><img decoding=\"async\" src=\"https:\/\/adscs.pt\/wp-content\/uploads\/2025\/03\/back5-1920x750.png\" height=\"750\" width=\"1920\" alt=\"\" class=\"slider-427 slide-976\" title=\"back5\" \/><\/li>\n            <\/ul>\n        <\/div>\n        \n    <\/div>\n<\/div><\/div>\n\n\n<p style=\"text-align: center;\"><strong>Follow us on:<\/strong><\/p>\n\n\n<ul class=\"wp-block-social-links aligncenter has-visible-labels is-style-default is-layout-flex wp-block-social-links-is-layout-flex\"><li class=\"wp-social-link wp-social-link-facebook  wp-block-social-link\"><a rel=\"noopener nofollow\" target=\"_blank\" href=\"http:\/\/www.facebook.com\/adscs.pt\" class=\"wp-block-social-link-anchor\"><svg width=\"24\" height=\"24\" viewbox=\"0 0 24 24\" version=\"1.1\" xmlns=\"http:\/\/www.w3.org\/2000\/svg\" aria-hidden=\"true\" focusable=\"false\"><path d=\"M12 2C6.5 2 2 6.5 2 12c0 5 3.7 9.1 8.4 9.9v-7H7.9V12h2.5V9.8c0-2.5 1.5-3.9 3.8-3.9 1.1 0 2.2.2 2.2.2v2.5h-1.3c-1.2 0-1.6.8-1.6 1.6V12h2.8l-.4 2.9h-2.3v7C18.3 21.1 22 17 22 12c0-5.5-4.5-10-10-10z\"><\/path><\/svg><span class=\"wp-block-social-link-label\">Facebook<\/span><\/a><\/li><\/ul>","protected":false},"excerpt":{"rendered":"<div class=\"entry-summary\">\n<div class=\"entry-summary\">\n\u00a0 Fundada em 1990, a Associa\u00e7\u00e3o para o Desenvolvimento Social e Comunit\u00e1rio (ADSCS) tem como miss\u00e3o promover e encorajar o desenvolvimento local atrav\u00e9s do trabalho com as popula\u00e7\u00f5es socialmente desfavorecidas, apoiando-as na sua vida ativa e social, proporcionando-lhes uma melhor&hellip;\n<\/div>\n<div class=\"link-more\"><a href=\"https:\/\/adscs.pt\/en\/\" class=\"more-link\">Continue reading<span class=\"screen-reader-text\"> &ldquo;SEJA BEM VINDO\/A&rdquo;<\/span>&hellip;<\/a><\/div>\n<\/div>\n<div class=\"link-more\"><a href=\"https:\/\/adscs.pt\/en\/\" class=\"more-link\">Continue reading<span class=\"screen-reader-text\"> &ldquo;SEJA BEM VINDO\/A&rdquo;<\/span>&hellip;<\/a><\/div>","protected":false},"author":1,"featured_media":0,"parent":0,"menu_order":0,"comment_status":"closed","ping_status":"closed","template":"","meta":{"_acf_changed":false,"footnotes":""},"class_list":["post-2","page","type-page","status-publish","hentry","entry"],"acf":[],"_links":{"self":[{"href":"https:\/\/adscs.pt\/en\/wp-json\/wp\/v2\/pages\/2","targetHints":{"allow":["GET"]}}],"collection":[{"href":"https:\/\/adscs.pt\/en\/wp-json\/wp\/v2\/pages"}],"about":[{"href":"https:\/\/adscs.pt\/en\/wp-json\/wp\/v2\/types\/page"}],"author":[{"embeddable":true,"href":"https:\/\/adscs.pt\/en\/wp-json\/wp\/v2\/users\/1"}],"replies":[{"embeddable":true,"href":"https:\/\/adscs.pt\/en\/wp-json\/wp\/v2\/comments?post=2"}],"version-history":[{"count":91,"href":"https:\/\/adscs.pt\/en\/wp-json\/wp\/v2\/pages\/2\/revisions"}],"predecessor-version":[{"id":3241,"href":"https:\/\/adscs.pt\/en\/wp-json\/wp\/v2\/pages\/2\/revisions\/3241"}],"wp:attachment":[{"href":"https:\/\/adscs.pt\/en\/wp-json\/wp\/v2\/media?parent=2"}],"curies":[{"name":"wp","href":"https:\/\/api.w.org\/{rel}","templated":true}]}}