{"id":122,"date":"2019-07-18T14:29:30","date_gmt":"2019-07-18T14:29:30","guid":{"rendered":"https:\/\/v2.adscs.pt\/?page_id=122"},"modified":"2025-06-12T10:12:20","modified_gmt":"2025-06-12T10:12:20","slug":"atl","status":"publish","type":"page","link":"https:\/\/adscs.pt\/en\/servicos\/criancas\/atl\/","title":{"rendered":"Atividades de F\u00e9rias"},"content":{"rendered":"A Associa\u00e7\u00e3o para o Desenvolvimento Social e Comunit\u00e1rio de Santar\u00e9m, de forma dar resposta \u00e0s<br \/>\nfam\u00edlias durante as interrup\u00e7\u00f5es letivas, criou o Ateli\u00ea, de modo a proporcionar atividades de<br \/>\npedagogicamente enriquecedoras, de natureza cultural, educativa, desportiva e recreativa.\nO Ateli\u00ea destina-se a crian\u00e7as com idades compreendidas entre os 4 e os 12 anos, completos \u00e0 data<br \/>\ndo in\u00edcio das atividades, sem preju\u00edzo de serem admitidas outras idades em situa\u00e7\u00f5es devidamente<br \/>\njustificadas.\n<p>&nbsp;<\/p>\n<ul>\n<li><a href=\"https:\/\/adscs.pt\/wp-content\/uploads\/2025\/06\/reg_atlie25v2.pdf\">Regulamento interno de funcionamento<\/a><\/li>\n<\/ul>","protected":false},"excerpt":{"rendered":"<div class=\"entry-summary\">\n<div class=\"entry-summary\">\nA Associa\u00e7\u00e3o para o Desenvolvimento Social e Comunit\u00e1rio de Santar\u00e9m, de forma dar resposta \u00e0s fam\u00edlias durante as interrup\u00e7\u00f5es letivas, criou o Ateli\u00ea, de modo a proporcionar atividades de pedagogicamente enriquecedoras, de natureza cultural, educativa, desportiva e recreativa. O Ateli\u00ea&hellip;\n<\/div>\n<div class=\"link-more\"><a href=\"https:\/\/adscs.pt\/en\/servicos\/criancas\/atl\/\" class=\"more-link\">Continue reading<span class=\"screen-reader-text\"> &ldquo;Atividades de F\u00e9rias&rdquo;<\/span>&hellip;<\/a><\/div>\n<\/div>\n<div class=\"link-more\"><a href=\"https:\/\/adscs.pt\/en\/servicos\/criancas\/atl\/\" class=\"more-link\">Continue reading<span class=\"screen-reader-text\"> &ldquo;Atividades de F\u00e9rias&rdquo;<\/span>&hellip;<\/a><\/div>","protected":false},"author":1,"featured_media":0,"parent":108,"menu_order":0,"comment_status":"closed","ping_status":"closed","template":"","meta":{"_acf_changed":false,"footnotes":""},"class_list":["post-122","page","type-page","status-publish","hentry","entry"],"acf":[],"_links":{"self":[{"href":"https:\/\/adscs.pt\/en\/wp-json\/wp\/v2\/pages\/122","targetHints":{"allow":["GET"]}}],"collection":[{"href":"https:\/\/adscs.pt\/en\/wp-json\/wp\/v2\/pages"}],"about":[{"href":"https:\/\/adscs.pt\/en\/wp-json\/wp\/v2\/types\/page"}],"author":[{"embeddable":true,"href":"https:\/\/adscs.pt\/en\/wp-json\/wp\/v2\/users\/1"}],"replies":[{"embeddable":true,"href":"https:\/\/adscs.pt\/en\/wp-json\/wp\/v2\/comments?post=122"}],"version-history":[{"count":4,"href":"https:\/\/adscs.pt\/en\/wp-json\/wp\/v2\/pages\/122\/revisions"}],"predecessor-version":[{"id":3264,"href":"https:\/\/adscs.pt\/en\/wp-json\/wp\/v2\/pages\/122\/revisions\/3264"}],"up":[{"embeddable":true,"href":"https:\/\/adscs.pt\/en\/wp-json\/wp\/v2\/pages\/108"}],"wp:attachment":[{"href":"https:\/\/adscs.pt\/en\/wp-json\/wp\/v2\/media?parent=122"}],"curies":[{"name":"wp","href":"https:\/\/api.w.org\/{rel}","templated":true}]}}