{"id":112,"date":"2019-07-18T14:23:41","date_gmt":"2019-07-18T14:23:41","guid":{"rendered":"https:\/\/v2.adscs.pt\/?page_id=112"},"modified":"2021-04-29T10:40:34","modified_gmt":"2021-04-29T10:40:34","slug":"rsi","status":"publish","type":"page","link":"https:\/\/adscs.pt\/en\/servicos\/rsi\/","title":{"rendered":"Social Insertion Income"},"content":{"rendered":"<h2 style=\"text-align: center;\"><strong>Social Insertion Income<\/strong><\/h2>\n<p>O Rendimento Social de Inser\u00e7\u00e3o constitui um mecanismo de combate \u00e0 pobreza, tendo como principal objetivo assegurar aos cidad\u00e3os\/\u00e3s e aos seus agregados familiares recursos que contribuam para a satisfa\u00e7\u00e3o das suas necessidades m\u00ednimas e para o favorecimento de uma progressiva inser\u00e7\u00e3o social, laboral e comunit\u00e1ria, respeitando os princ\u00edpios da igualdade, solidariedade e justi\u00e7a social.<\/p>\n<p>Enquanto medida de pol\u00edtica social a sua finalidade \u00e9 prevenir situa\u00e7\u00f5es de risco social, envolvendo a comunidade e os benefici\u00e1rios da medida em projetos pedag\u00f3gicos que potenciem as suas compet\u00eancias\/ capacidades.<\/p>\n<p>A implementa\u00e7\u00e3o do Rendimento Social de Inser\u00e7\u00e3o engloba duas componentes, uma presta\u00e7\u00e3o pecuni\u00e1ria e um programa de inser\u00e7\u00e3o por cada fam\u00edlia acompanhada.<\/p>\n<p>A interven\u00e7\u00e3o das equipas no processo de acompanhamento \u00e0s fam\u00edlias \u00e9 baseada num \u201ccontrato de inser\u00e7\u00e3o\u201d, onde s\u00e3o negociadas e estipuladas as a\u00e7\u00f5es que v\u00e3o de encontro \u00e0s necessidades e aos projetos de vida desejados pelos diversos elementos do agregado familiar, procurando estabelecer-se uma rela\u00e7\u00e3o de proximidade e confian\u00e7a facilitadora do processo de integra\u00e7\u00e3o.<\/p>\n<p>Os dom\u00ednios priorit\u00e1rios de interven\u00e7\u00e3o s\u00e3o o emprego\/ forma\u00e7\u00e3o profissional, educa\u00e7\u00e3o, habita\u00e7\u00e3o, sa\u00fade, cidadania e organiza\u00e7\u00e3o da vida quotidiana, sendo habitualmente as \u00e1reas de maior vulnerabilidade destes agregados. Na constru\u00e7\u00e3o do plano de inser\u00e7\u00e3o a equipa procura, atrav\u00e9s de metodologias ativas co construir com os agregados, atividades e din\u00e2micas quer individuais quer coletivas que potenciem o desenvolvimento de compet\u00eancias e as mantenham motivadas no cumprimento das a\u00e7\u00f5es acordadas.<\/p>\n<p>\u00c9 valorizado e incentivada a necessidade de desenvolver este trabalho numa parceria estreita com diversas entidades p\u00fablicas ou privadas, comunit\u00e1rias ou individuais, sendo esta din\u00e2mica explorada pela equipa como um exemplo a extrapolar para as fam\u00edlias, no sentido de potencializar o leque de recursos internos e externos que a comunidade pode oferecer.<\/p>\n<p>\u00a0<\/p>\n<p><strong>Multidisciplinaridade da equipa<\/strong><\/p>\n<p>A equipa de Rendimento Social de Inser\u00e7\u00e3o \u00e9 composta por seis elementos: T\u00e9cnica Superior de Servi\u00e7o Social, Psic\u00f3loga, Educadora Social e tr\u00eas Ajudantes de A\u00e7\u00e3o Direto com forma\u00e7\u00e3o na \u00e1rea s\u00f3cio educativa.<\/p>\n<p>A sua interven\u00e7\u00e3o est\u00e1 enquadrada pela Lei 13\/2003 de 21 de maio e suas atualiza\u00e7\u00f5es (link\u00a0&#8211; <a href=\"http:\/\/www.seg-social.pt\/documents\/10152\/24709\/8001_rendimento_social_insercao\/75f2f024-aeac-42dc-81ad-503ab0e9c441\">Guia Pr\u00e1tico Rendimento Social de Inser\u00e7\u00e3o<\/a>), havendo um protocolo com o Centro Distrital de Seguran\u00e7a Social de Santar\u00e9m para acompanhamento a 185 fam\u00edlias.<\/p>\n<p>\u00a0<\/p>\n<p><strong>Metodologia de interven\u00e7\u00e3o<\/strong><\/p>\n<p>Preconiza-se uma metodologia de trabalho interativa, sistem\u00e1tica e multidisciplinar, privilegiando a ado\u00e7\u00e3o de m\u00e9todos din\u00e2micos que se adequem \u00e0 realidade do sistema familiar e da comunidade em que se interv\u00e9m, e promovam a participa\u00e7\u00e3o ativa de todas as partes interessadas. Concretiza-se atrav\u00e9s de atendimentos, visitas domicili\u00e1rias e acompanhamentos.<\/p>\n<p>Procura-se fazer uma interven\u00e7\u00e3o que potencie os pontos fortes e os fatores de prote\u00e7\u00e3o de cada fam\u00edlia, bem como uma abordagem centrada na explora\u00e7\u00e3o dos recursos end\u00f3genos da comunidade, promotores do desenvolvimento social.<\/p>\n<p>\u00a0<\/p>\n<p><strong>Atendimentos:<\/strong><\/p>\n<p>O seu atendimento ao p\u00fablico, descentralizado, realiza-se, mediante marca\u00e7\u00e3o pr\u00e9via, na Junta de Freguesia de Pernes, UF de Azoia de Cima e Trem\u00eas e na respetiva sede da institui\u00e7\u00e3o em Santar\u00e9m<\/p>\n<p>\u00a0<\/p>\n<p><strong>Contactos:<\/strong><\/p>\n<p>E-mail: rsi@adscs.pt<\/p>\n<p>Telefone: 919 005 524<\/p>\n<p>\u00a0<\/p>\n<p>\u00a0<\/p>\n<p>\u00a0<\/p>","protected":false},"excerpt":{"rendered":"<div class=\"entry-summary\">\n<div class=\"entry-summary\">\nRendimento Social de Inser\u00e7\u00e3o O Rendimento Social de Inser\u00e7\u00e3o constitui um mecanismo de combate \u00e0 pobreza, tendo como principal objetivo assegurar aos cidad\u00e3os\/\u00e3s e aos seus agregados familiares recursos que contribuam para a satisfa\u00e7\u00e3o das suas necessidades m\u00ednimas e para&hellip;\n<\/div>\n<div class=\"link-more\"><a href=\"https:\/\/adscs.pt\/en\/servicos\/rsi\/\" class=\"more-link\">Continue reading<span class=\"screen-reader-text\"> &ldquo;Rendimento Social de Inser\u00e7\u00e3o&rdquo;<\/span>&hellip;<\/a><\/div>\n<\/div>\n<div class=\"link-more\"><a href=\"https:\/\/adscs.pt\/en\/servicos\/rsi\/\" class=\"more-link\">Continue reading<span class=\"screen-reader-text\"> &ldquo;Rendimento Social de Inser\u00e7\u00e3o&rdquo;<\/span>&hellip;<\/a><\/div>","protected":false},"author":1,"featured_media":0,"parent":11,"menu_order":0,"comment_status":"closed","ping_status":"closed","template":"","meta":{"_acf_changed":false,"footnotes":""},"class_list":["post-112","page","type-page","status-publish","hentry","entry"],"acf":[],"_links":{"self":[{"href":"https:\/\/adscs.pt\/en\/wp-json\/wp\/v2\/pages\/112","targetHints":{"allow":["GET"]}}],"collection":[{"href":"https:\/\/adscs.pt\/en\/wp-json\/wp\/v2\/pages"}],"about":[{"href":"https:\/\/adscs.pt\/en\/wp-json\/wp\/v2\/types\/page"}],"author":[{"embeddable":true,"href":"https:\/\/adscs.pt\/en\/wp-json\/wp\/v2\/users\/1"}],"replies":[{"embeddable":true,"href":"https:\/\/adscs.pt\/en\/wp-json\/wp\/v2\/comments?post=112"}],"version-history":[{"count":6,"href":"https:\/\/adscs.pt\/en\/wp-json\/wp\/v2\/pages\/112\/revisions"}],"predecessor-version":[{"id":493,"href":"https:\/\/adscs.pt\/en\/wp-json\/wp\/v2\/pages\/112\/revisions\/493"}],"up":[{"embeddable":true,"href":"https:\/\/adscs.pt\/en\/wp-json\/wp\/v2\/pages\/11"}],"wp:attachment":[{"href":"https:\/\/adscs.pt\/en\/wp-json\/wp\/v2\/media?parent=112"}],"curies":[{"name":"wp","href":"https:\/\/api.w.org\/{rel}","templated":true}]}}